{"id":1276,"date":"2025-01-26T19:24:24","date_gmt":"2025-01-26T23:24:24","guid":{"rendered":"https:\/\/www.muniquirihue.cl\/2025\/?page_id=1276"},"modified":"2025-04-15T15:09:05","modified_gmt":"2025-04-15T19:09:05","slug":"concejales","status":"publish","type":"page","link":"https:\/\/www.muniquirihue.cl\/2025\/concejales\/","title":{"rendered":"Concejales"},"content":{"rendered":"\n<div class=\"wp-block-cover alignfull\" style=\"min-height:536px;aspect-ratio:unset;\"><span aria-hidden=\"true\" class=\"wp-block-cover__background has-background-dim-0 has-background-dim\" style=\"background-color:#987377\"><\/span><img loading=\"lazy\" decoding=\"async\" width=\"2048\" height=\"1366\" class=\"wp-block-cover__image-background wp-image-1277\" alt=\"\" src=\"https:\/\/www.muniquirihue.cl\/2025\/wp-content\/uploads\/2025\/01\/469651443_122099470124672301_7185443334427722486_n.jpg\" data-object-fit=\"cover\" srcset=\"https:\/\/www.muniquirihue.cl\/2025\/wp-content\/uploads\/2025\/01\/469651443_122099470124672301_7185443334427722486_n.jpg 2048w, https:\/\/www.muniquirihue.cl\/2025\/wp-content\/uploads\/2025\/01\/469651443_122099470124672301_7185443334427722486_n-300x200.jpg 300w, https:\/\/www.muniquirihue.cl\/2025\/wp-content\/uploads\/2025\/01\/469651443_122099470124672301_7185443334427722486_n-1024x683.jpg 1024w, https:\/\/www.muniquirihue.cl\/2025\/wp-content\/uploads\/2025\/01\/469651443_122099470124672301_7185443334427722486_n-768x512.jpg 768w, https:\/\/www.muniquirihue.cl\/2025\/wp-content\/uploads\/2025\/01\/469651443_122099470124672301_7185443334427722486_n-1536x1025.jpg 1536w\" sizes=\"auto, (max-width: 2048px) 100vw, 2048px\" \/><div class=\"wp-block-cover__inner-container is-layout-constrained wp-block-cover-is-layout-constrained\">\n<p class=\"has-text-align-center has-large-font-size\"><\/p>\n<\/div><\/div>\n\n\n\n<div class=\"wp-block-columns are-vertically-aligned-center is-layout-flex wp-container-core-columns-is-layout-9d6595d7 wp-block-columns-is-layout-flex\">\n<div class=\"wp-block-column is-vertically-aligned-center is-layout-flow wp-block-column-is-layout-flow\" style=\"flex-basis:80%\">\n<p class=\"has-text-align-left\"><\/p>\n<\/div>\n<\/div>\n\n\n\n<blockquote class=\"wp-block-quote is-layout-flow wp-block-quote-is-layout-flow\">\n<p>En cada municipalidad hay un concejo integrado por concejales elegidos por sufragio universal. La Carta Fundamental establece como las principales funciones del concejo: hacer efectiva la participaci\u00f3n de la comunidad local, ejercer funciones normativas, resolutivas y fiscalizadoras y otras atribuciones que se le encomienden, en la forma que determine la ley org\u00e1nica constitucional respectiva. La Ley N\u00b018.695, Org\u00e1nica Constitucional de Municipalidades, establece principalmente en su T\u00edtulo III del Concejo (art\u00edculos 79 a 92bis), las funciones y atribuciones del concejo municipal. <\/p>\n\n\n\n<p>Entre sus funciones se encuentran una serie de materias en las que deben pronunciarse de acuerdo a consulta del Alcalde, otras relacionadas con la gesti\u00f3n y desarrollo de la comuna, as\u00ed como varias atribuciones que le permiten ejercer su rol fiscalizador. Asimismo, la citada norma establece algunos procedimientos para la toma de decisiones y qu\u00f3rums requeridos para determinados acuerdos. <\/p>\n\n\n\n<p>Es importante mencionar que con el avance de normas sobre transparencia y probidad, se han agregado obligaciones para el cargo de concejal, relacionadas con la Ley N\u00b020.730 sobre Lobby y la obligaci\u00f3n de presentar declaraci\u00f3n de intereses y patrimonial.<\/p>\n<\/blockquote>\n\n\n\n<div class=\"wp-block-columns is-layout-flex wp-container-core-columns-is-layout-9d6595d7 wp-block-columns-is-layout-flex\">\n<div class=\"wp-block-column is-layout-flow wp-block-column-is-layout-flow\"><div class=\"wp-block-image\">\n<figure class=\"aligncenter size-full is-resized has-custom-border\"><img loading=\"lazy\" decoding=\"async\" width=\"1000\" height=\"1250\" src=\"https:\/\/www.muniquirihue.cl\/2025\/wp-content\/uploads\/2025\/01\/penela2.jpg\" alt=\"\" class=\"wp-image-1287\" style=\"border-width:1px;width:355px;height:auto\" srcset=\"https:\/\/www.muniquirihue.cl\/2025\/wp-content\/uploads\/2025\/01\/penela2.jpg 1000w, https:\/\/www.muniquirihue.cl\/2025\/wp-content\/uploads\/2025\/01\/penela2-240x300.jpg 240w, https:\/\/www.muniquirihue.cl\/2025\/wp-content\/uploads\/2025\/01\/penela2-819x1024.jpg 819w, https:\/\/www.muniquirihue.cl\/2025\/wp-content\/uploads\/2025\/01\/penela2-768x960.jpg 768w\" sizes=\"auto, (max-width: 1000px) 100vw, 1000px\" \/><\/figure>\n<\/div>\n\n\n<p class=\"has-text-align-center has-theme-palette-1-color has-text-color has-link-color wp-elements-ea9781c404e7fe4781783eb053a93557\"><strong>RAUL PENELA BUSTOS<\/strong><br>Telefono: +569 97365935<br>Correo: concejalrpenela@muniquirihue.cl<\/p>\n\n\n\n<p class=\"has-text-align-center\"><\/p>\n<\/div>\n\n\n\n<div class=\"wp-block-column is-layout-flow wp-block-column-is-layout-flow\"><div class=\"wp-block-image\">\n<figure class=\"aligncenter size-large is-resized has-custom-border\"><img loading=\"lazy\" decoding=\"async\" width=\"819\" height=\"1024\" src=\"https:\/\/www.muniquirihue.cl\/2025\/wp-content\/uploads\/2025\/01\/richard2-2-819x1024.jpg\" alt=\"\" class=\"wp-image-1294\" style=\"border-width:1px;width:350px;height:auto\" srcset=\"https:\/\/www.muniquirihue.cl\/2025\/wp-content\/uploads\/2025\/01\/richard2-2-819x1024.jpg 819w, https:\/\/www.muniquirihue.cl\/2025\/wp-content\/uploads\/2025\/01\/richard2-2-240x300.jpg 240w, https:\/\/www.muniquirihue.cl\/2025\/wp-content\/uploads\/2025\/01\/richard2-2-768x960.jpg 768w, https:\/\/www.muniquirihue.cl\/2025\/wp-content\/uploads\/2025\/01\/richard2-2-1229x1536.jpg 1229w, https:\/\/www.muniquirihue.cl\/2025\/wp-content\/uploads\/2025\/01\/richard2-2.jpg 1600w\" sizes=\"auto, (max-width: 819px) 100vw, 819px\" \/><\/figure>\n<\/div>\n\n\n<p class=\"has-text-align-center has-theme-palette-1-color has-text-color has-link-color wp-elements-69030dc6822f8fc9578b7a280803570f\"><strong>RICHARD IRRIBARRA RAMIREZ<\/strong><br>Telefono: +569 94359770<br>Correo: concejalirribarra@muniquirihue.cl<\/p>\n<\/div>\n\n\n\n<div class=\"wp-block-column is-layout-flow wp-block-column-is-layout-flow\"><div class=\"wp-block-image\">\n<figure class=\"aligncenter size-large is-resized has-custom-border\"><img loading=\"lazy\" decoding=\"async\" width=\"819\" height=\"1024\" src=\"https:\/\/www.muniquirihue.cl\/2025\/wp-content\/uploads\/2025\/01\/andrade2-819x1024.jpg\" alt=\"\" class=\"wp-image-1298\" style=\"border-width:1px;width:350px;height:auto\" srcset=\"https:\/\/www.muniquirihue.cl\/2025\/wp-content\/uploads\/2025\/01\/andrade2-819x1024.jpg 819w, https:\/\/www.muniquirihue.cl\/2025\/wp-content\/uploads\/2025\/01\/andrade2-240x300.jpg 240w, https:\/\/www.muniquirihue.cl\/2025\/wp-content\/uploads\/2025\/01\/andrade2-768x960.jpg 768w, https:\/\/www.muniquirihue.cl\/2025\/wp-content\/uploads\/2025\/01\/andrade2-1229x1536.jpg 1229w, https:\/\/www.muniquirihue.cl\/2025\/wp-content\/uploads\/2025\/01\/andrade2.jpg 1600w\" sizes=\"auto, (max-width: 819px) 100vw, 819px\" \/><\/figure>\n<\/div>\n\n\n<p class=\"has-text-align-center has-theme-palette-1-color has-text-color has-link-color wp-elements-ee00fc45b6d12841bfc93b6fb9bc19a4\"><strong>JOEL ANDRADES INOSTROZA<\/strong><br>Telefono : +569 97949704<br>Correo: concejalandrades@muniquirihue.cl<\/p>\n<\/div>\n<\/div>\n\n\n\n<div class=\"wp-block-columns is-layout-flex wp-container-core-columns-is-layout-9d6595d7 wp-block-columns-is-layout-flex\">\n<div class=\"wp-block-column is-layout-flow wp-block-column-is-layout-flow\">\n<figure class=\"wp-block-image size-large has-custom-border\"><img loading=\"lazy\" decoding=\"async\" width=\"819\" height=\"1024\" src=\"https:\/\/www.muniquirihue.cl\/2025\/wp-content\/uploads\/2025\/01\/isrrael2-819x1024.jpg\" alt=\"\" class=\"wp-image-1289\" style=\"border-width:1px\" srcset=\"https:\/\/www.muniquirihue.cl\/2025\/wp-content\/uploads\/2025\/01\/isrrael2-819x1024.jpg 819w, https:\/\/www.muniquirihue.cl\/2025\/wp-content\/uploads\/2025\/01\/isrrael2-240x300.jpg 240w, https:\/\/www.muniquirihue.cl\/2025\/wp-content\/uploads\/2025\/01\/isrrael2-768x960.jpg 768w, https:\/\/www.muniquirihue.cl\/2025\/wp-content\/uploads\/2025\/01\/isrrael2-1229x1536.jpg 1229w, https:\/\/www.muniquirihue.cl\/2025\/wp-content\/uploads\/2025\/01\/isrrael2.jpg 1600w\" sizes=\"auto, (max-width: 819px) 100vw, 819px\" \/><\/figure>\n\n\n\n<p class=\"has-text-align-center has-theme-palette-1-color has-text-color has-link-color wp-elements-e3f80c81943f3e1b2bd142ae394dbff2\"><strong>ISRAEL PARRA HERNANDEZ <\/strong><br>Telefono: +569 81251009 <br>Correo: concejalparra@muniquirihue.cl<\/p>\n<\/div>\n\n\n\n<div class=\"wp-block-column is-layout-flow wp-block-column-is-layout-flow\">\n<figure class=\"wp-block-image size-large has-custom-border\"><img loading=\"lazy\" decoding=\"async\" width=\"819\" height=\"1024\" src=\"https:\/\/www.muniquirihue.cl\/2025\/wp-content\/uploads\/2025\/01\/ramon2-1-819x1024.jpg\" alt=\"\" class=\"wp-image-1303\" style=\"border-width:1px\" srcset=\"https:\/\/www.muniquirihue.cl\/2025\/wp-content\/uploads\/2025\/01\/ramon2-1-819x1024.jpg 819w, https:\/\/www.muniquirihue.cl\/2025\/wp-content\/uploads\/2025\/01\/ramon2-1-240x300.jpg 240w, https:\/\/www.muniquirihue.cl\/2025\/wp-content\/uploads\/2025\/01\/ramon2-1-768x960.jpg 768w, https:\/\/www.muniquirihue.cl\/2025\/wp-content\/uploads\/2025\/01\/ramon2-1-1229x1536.jpg 1229w, https:\/\/www.muniquirihue.cl\/2025\/wp-content\/uploads\/2025\/01\/ramon2-1.jpg 1600w\" sizes=\"auto, (max-width: 819px) 100vw, 819px\" \/><\/figure>\n\n\n\n<p class=\"has-text-align-center has-theme-palette-1-color has-text-color has-link-color wp-elements-6665168fd10d500a2578f389a7516cc6\"><strong>RAMON ORELLANA ALARCON<\/strong><br>Telefono: +569 46730837<br> Correo: concejalorellana@muniquirihue.cl<\/p>\n<\/div>\n\n\n\n<div class=\"wp-block-column is-layout-flow wp-block-column-is-layout-flow\">\n<figure class=\"wp-block-image size-large has-custom-border\"><img loading=\"lazy\" decoding=\"async\" width=\"819\" height=\"1024\" src=\"https:\/\/www.muniquirihue.cl\/2025\/wp-content\/uploads\/2025\/01\/maria3-819x1024.jpg\" alt=\"\" class=\"wp-image-1301\" style=\"border-width:1px\" srcset=\"https:\/\/www.muniquirihue.cl\/2025\/wp-content\/uploads\/2025\/01\/maria3-819x1024.jpg 819w, https:\/\/www.muniquirihue.cl\/2025\/wp-content\/uploads\/2025\/01\/maria3-240x300.jpg 240w, https:\/\/www.muniquirihue.cl\/2025\/wp-content\/uploads\/2025\/01\/maria3-768x960.jpg 768w, https:\/\/www.muniquirihue.cl\/2025\/wp-content\/uploads\/2025\/01\/maria3-1229x1536.jpg 1229w, https:\/\/www.muniquirihue.cl\/2025\/wp-content\/uploads\/2025\/01\/maria3.jpg 1600w\" sizes=\"auto, (max-width: 819px) 100vw, 819px\" \/><\/figure>\n\n\n\n<p class=\"has-text-align-center has-theme-palette-1-color has-text-color has-link-color wp-elements-77b87cec4fca4eada110c5a4f4e830b7\"><strong>MARIA DE LOS ANGELES PLACENCIA ARRIAGADA<\/strong><br> Telefono: +569 98382505<br>Correo: concejalamplacencia@muniquirihue.cl<\/p>\n<\/div>\n<\/div>\n\n\n\n<p><\/p>\n\n\n\n<p><\/p>\n","protected":false},"excerpt":{"rendered":"<p>En cada municipalidad hay un concejo integrado por concejales elegidos por sufragio universal. La Carta Fundamental establece como las principales funciones del concejo: hacer efectiva la participaci\u00f3n de la comunidad local, ejercer funciones normativas, resolutivas y fiscalizadoras y otras atribuciones que se le encomienden, en la forma que determine la ley org\u00e1nica constitucional respectiva. La&#8230;<\/p>\n","protected":false},"author":1,"featured_media":0,"parent":0,"menu_order":0,"comment_status":"closed","ping_status":"closed","template":"","meta":{"_kadence_starter_templates_imported_post":false,"_kad_post_transparent":"","_kad_post_title":"hide","_kad_post_layout":"","_kad_post_sidebar_id":"","_kad_post_content_style":"","_kad_post_vertical_padding":"","_kad_post_feature":"","_kad_post_feature_position":"","_kad_post_header":false,"_kad_post_footer":false,"footnotes":""},"class_list":["post-1276","page","type-page","status-publish","hentry"],"_links":{"self":[{"href":"https:\/\/www.muniquirihue.cl\/2025\/wp-json\/wp\/v2\/pages\/1276","targetHints":{"allow":["GET"]}}],"collection":[{"href":"https:\/\/www.muniquirihue.cl\/2025\/wp-json\/wp\/v2\/pages"}],"about":[{"href":"https:\/\/www.muniquirihue.cl\/2025\/wp-json\/wp\/v2\/types\/page"}],"author":[{"embeddable":true,"href":"https:\/\/www.muniquirihue.cl\/2025\/wp-json\/wp\/v2\/users\/1"}],"replies":[{"embeddable":true,"href":"https:\/\/www.muniquirihue.cl\/2025\/wp-json\/wp\/v2\/comments?post=1276"}],"version-history":[{"count":16,"href":"https:\/\/www.muniquirihue.cl\/2025\/wp-json\/wp\/v2\/pages\/1276\/revisions"}],"predecessor-version":[{"id":2076,"href":"https:\/\/www.muniquirihue.cl\/2025\/wp-json\/wp\/v2\/pages\/1276\/revisions\/2076"}],"wp:attachment":[{"href":"https:\/\/www.muniquirihue.cl\/2025\/wp-json\/wp\/v2\/media?parent=1276"}],"curies":[{"name":"wp","href":"https:\/\/api.w.org\/{rel}","templated":true}]}}