{"id":1545,"date":"2025-02-02T17:11:11","date_gmt":"2025-02-02T21:11:11","guid":{"rendered":"https:\/\/www.muniquirihue.cl\/2025\/?page_id=1545"},"modified":"2025-02-02T17:16:43","modified_gmt":"2025-02-02T21:16:43","slug":"oficina-de-control","status":"publish","type":"page","link":"https:\/\/www.muniquirihue.cl\/2025\/oficina-de-control\/","title":{"rendered":"OFICINA DE CONTROL"},"content":{"rendered":"\n<h2 class=\"wp-block-heading\">DIRECCI\u00d3N DE CONTROL<\/h2>\n\n\n\n<p>La Labor de la direcci\u00f3n de Control Interno es velar por el cumplimiento de los fines y metas municipales, verificando la eficiencia, la eficacia y la economicidad de la gesti\u00f3n administrativa. Por lo cual debe planificar y ejecutar las auditor\u00edas operativas internas del Municipio, fiscalizando la correcta aplicaci\u00f3n de la legislaci\u00f3n y normativas que rigen al Municipio y sus ejecuciones presupuestarias, representando los actos Municipales cuando los estime ilegales al Alcalde y de asistir al Concejo en sus funciones fiscalizadoras. Debe procurar tomar conocimiento e informar a las Direcciones de las disposiciones reglamentarias de valor normativo interno en donde se definan recomendaciones t\u00e9cnicas de la Contralor\u00eda General de la Rep\u00fablica. Le corresponde, adem\u00e1s, estudiar y proponer la aplicaci\u00f3n de nuevos procedimientos, t\u00e9cnicas e instrumentos para el mejoramiento de la gesti\u00f3n administrativa Municipal.<\/p>\n\n\n\n<p><\/p>\n","protected":false},"excerpt":{"rendered":"<p>DIRECCI\u00d3N DE CONTROL La Labor de la direcci\u00f3n de Control Interno es velar por el cumplimiento de los fines y metas municipales, verificando la eficiencia, la eficacia y la economicidad de la gesti\u00f3n administrativa. Por lo cual debe planificar y ejecutar las auditor\u00edas operativas internas del Municipio, fiscalizando la correcta aplicaci\u00f3n de la legislaci\u00f3n y&#8230;<\/p>\n","protected":false},"author":1,"featured_media":0,"parent":0,"menu_order":0,"comment_status":"closed","ping_status":"closed","template":"","meta":{"_kadence_starter_templates_imported_post":false,"_kad_post_transparent":"","_kad_post_title":"hide","_kad_post_layout":"","_kad_post_sidebar_id":"","_kad_post_content_style":"","_kad_post_vertical_padding":"","_kad_post_feature":"","_kad_post_feature_position":"","_kad_post_header":false,"_kad_post_footer":false,"footnotes":""},"class_list":["post-1545","page","type-page","status-publish","hentry"],"_links":{"self":[{"href":"https:\/\/www.muniquirihue.cl\/2025\/wp-json\/wp\/v2\/pages\/1545","targetHints":{"allow":["GET"]}}],"collection":[{"href":"https:\/\/www.muniquirihue.cl\/2025\/wp-json\/wp\/v2\/pages"}],"about":[{"href":"https:\/\/www.muniquirihue.cl\/2025\/wp-json\/wp\/v2\/types\/page"}],"author":[{"embeddable":true,"href":"https:\/\/www.muniquirihue.cl\/2025\/wp-json\/wp\/v2\/users\/1"}],"replies":[{"embeddable":true,"href":"https:\/\/www.muniquirihue.cl\/2025\/wp-json\/wp\/v2\/comments?post=1545"}],"version-history":[{"count":2,"href":"https:\/\/www.muniquirihue.cl\/2025\/wp-json\/wp\/v2\/pages\/1545\/revisions"}],"predecessor-version":[{"id":1548,"href":"https:\/\/www.muniquirihue.cl\/2025\/wp-json\/wp\/v2\/pages\/1545\/revisions\/1548"}],"wp:attachment":[{"href":"https:\/\/www.muniquirihue.cl\/2025\/wp-json\/wp\/v2\/media?parent=1545"}],"curies":[{"name":"wp","href":"https:\/\/api.w.org\/{rel}","templated":true}]}}