{"id":1555,"date":"2025-02-02T17:36:26","date_gmt":"2025-02-02T21:36:26","guid":{"rendered":"https:\/\/www.muniquirihue.cl\/2025\/?page_id=1555"},"modified":"2025-02-02T17:36:27","modified_gmt":"2025-02-02T21:36:27","slug":"egis-municipal","status":"publish","type":"page","link":"https:\/\/www.muniquirihue.cl\/2025\/egis-municipal\/","title":{"rendered":"EGIS MUNICIPAL"},"content":{"rendered":"\n<h2 class=\"wp-block-heading\">OFICINA DE EGIS MUNICIPAL<\/h2>\n\n\n\n<p>     La EGIS <strong>(Entidad de Gesti\u00f3n e Inmobiliaria Social)<\/strong> Municipal es un programa el cual tiene por objetivo acoger y resolver la demanda habitacional de los vecinos de nuestra comuna a trav\u00e9s de la elaboraci\u00f3n, postulaci\u00f3n y posterior ejecuci\u00f3n de proyectos que el Ministerio de Vivienda Y Urbanismo ofrece a los ciudadanos. <\/p>\n\n\n\n<p>     Hoy en d\u00eda cuenta con un equipo de trabajo de 5 personas, entre los cuales se encuentran un arquitecto, dos asistentes sociales, una secretaria y un Ingeniero en construcci\u00f3n.<\/p>\n\n\n\n<h3 class=\"wp-block-heading\"><strong>Actividad Principal:  <\/strong><\/h3>\n\n\n\n<p><strong><br><\/strong>&#8211; Dar pronta respuesta a la necesidad de los habitantes de la comuna de Quirihue. <br>&#8211; Presentar, postular, adjudicar y ejecutar soluciones habitacionales a las familias que presenten carencia habitacional tanto de la zona urbana y rural de la comuna, acogidos dentro de los, Programa Hogar Mejor DS. 27,.<br>&#8211; Construcci\u00f3n de Viviendas Nuevas Rurales Ds.10 <br>&#8211; Construcci\u00f3n de viviendas nuevas modalidad en Sitio Propio Ds.49.\u00a0<\/p>\n\n\n\n<p><\/p>\n\n\n\n<h3 class=\"wp-block-heading\"><strong>P\u00fablico Objetivo: <br><\/strong><\/h3>\n\n\n\n<p>Todos los vecinos o usuarios que se acerquen a la entidad Municipal con el fin de fortalecer, mejorar, equipar y ampliar las condiciones de Habitabilidad de las viviendas de las familias. Adem\u00e1s, las personas que busquen una soluci\u00f3n habitacional como la postulaci\u00f3n y construcci\u00f3n de su vivienda en sitio propio. Es importante recalcar que los usuarios deben cumplir los requisitos exigidos por el Ministerio de Vivienda y Urbanismo.<\/p>\n","protected":false},"excerpt":{"rendered":"<p>OFICINA DE EGIS MUNICIPAL La EGIS (Entidad de Gesti\u00f3n e Inmobiliaria Social) Municipal es un programa el cual tiene por objetivo acoger y resolver la demanda habitacional de los vecinos de nuestra comuna a trav\u00e9s de la elaboraci\u00f3n, postulaci\u00f3n y posterior ejecuci\u00f3n de proyectos que el Ministerio de Vivienda Y Urbanismo ofrece a los ciudadanos&#8230;.<\/p>\n","protected":false},"author":1,"featured_media":0,"parent":0,"menu_order":0,"comment_status":"closed","ping_status":"closed","template":"","meta":{"_kadence_starter_templates_imported_post":false,"_kad_post_transparent":"","_kad_post_title":"","_kad_post_layout":"","_kad_post_sidebar_id":"","_kad_post_content_style":"","_kad_post_vertical_padding":"","_kad_post_feature":"","_kad_post_feature_position":"","_kad_post_header":false,"_kad_post_footer":false,"footnotes":""},"class_list":["post-1555","page","type-page","status-publish","hentry"],"_links":{"self":[{"href":"https:\/\/www.muniquirihue.cl\/2025\/wp-json\/wp\/v2\/pages\/1555","targetHints":{"allow":["GET"]}}],"collection":[{"href":"https:\/\/www.muniquirihue.cl\/2025\/wp-json\/wp\/v2\/pages"}],"about":[{"href":"https:\/\/www.muniquirihue.cl\/2025\/wp-json\/wp\/v2\/types\/page"}],"author":[{"embeddable":true,"href":"https:\/\/www.muniquirihue.cl\/2025\/wp-json\/wp\/v2\/users\/1"}],"replies":[{"embeddable":true,"href":"https:\/\/www.muniquirihue.cl\/2025\/wp-json\/wp\/v2\/comments?post=1555"}],"version-history":[{"count":1,"href":"https:\/\/www.muniquirihue.cl\/2025\/wp-json\/wp\/v2\/pages\/1555\/revisions"}],"predecessor-version":[{"id":1556,"href":"https:\/\/www.muniquirihue.cl\/2025\/wp-json\/wp\/v2\/pages\/1555\/revisions\/1556"}],"wp:attachment":[{"href":"https:\/\/www.muniquirihue.cl\/2025\/wp-json\/wp\/v2\/media?parent=1555"}],"curies":[{"name":"wp","href":"https:\/\/api.w.org\/{rel}","templated":true}]}}