{"id":21,"date":"2025-01-04T10:38:03","date_gmt":"2025-01-04T14:38:03","guid":{"rendered":"https:\/\/www.muniquirihue.cl\/2025\/?page_id=21"},"modified":"2025-01-04T17:22:26","modified_gmt":"2025-01-04T21:22:26","slug":"pagos","status":"publish","type":"page","link":"https:\/\/www.muniquirihue.cl\/2025\/tramites-y-servicios\/pagos\/","title":{"rendered":"PAGOS"},"content":{"rendered":"\n<div class=\"wp-block-cover alignfull is-light has-contrast-color has-text-color has-link-color wp-elements-ce77975b789ca8a16e2a8947427230ff\" style=\"margin-top:0;margin-bottom:0;padding-top:var(--wp--preset--spacing--60);padding-right:var(--wp--preset--spacing--50);padding-bottom:var(--wp--preset--spacing--60);padding-left:var(--wp--preset--spacing--50)\"><span aria-hidden=\"true\" class=\"wp-block-cover__background has-base-background-color has-background-dim-100 has-background-dim\"><\/span><div class=\"wp-block-cover__inner-container is-layout-constrained wp-container-core-cover-is-layout-d2c42570 wp-block-cover-is-layout-constrained\">\n<div class=\"wp-block-columns alignwide is-layout-flex wp-container-core-columns-is-layout-a2d7b65f wp-block-columns-is-layout-flex\">\n<div class=\"wp-block-column is-layout-flow wp-block-column-is-layout-flow\" style=\"flex-basis:65%\">\n<div class=\"wp-block-group is-vertical is-content-justification-stretch is-layout-flex wp-container-core-group-is-layout-b16ad781 wp-block-group-is-layout-flex\">\n<h2 class=\"wp-block-heading has-text-align-left\" style=\"font-size:22rem;font-style:normal;font-weight:300;letter-spacing:-0.03em;line-height:1.4\">Hola,<\/h2>\n\n\n\n<p class=\"is-style-text-subtitle\">Me llamo Nora Winslow Keene y soy una abogada comprometida con el inter\u00e9s general. Vivo en Denver, Colorado, y llevo a\u00f1os defendiendo los derechos de los trabajadores infrarepresentados. Licenciada por la Universidad de Stanford, desempe\u00f1\u00e9 un papel clave en la consecuci\u00f3n de protecciones fundamentales para los trabajadores agr\u00edcolas, garantizando mejores salarios y acceso a la asistencia sanitaria. Mi trabajo se ha centrado en defender la justicia medioambiental y mejorar la calidad de vida de las comunidades rurales. Todos los casos que asumo est\u00e1n impulsados por la creencia de que todo el mundo merece dignidad y un trato justo en el lugar de trabajo.<\/p>\n<\/div>\n<\/div>\n\n\n\n<div class=\"wp-block-column is-layout-flow wp-block-column-is-layout-flow\" style=\"flex-basis:35%\">\n<div class=\"wp-block-group is-vertical is-content-justification-stretch is-nowrap is-layout-flex wp-container-core-group-is-layout-41f9fede wp-block-group-is-layout-flex\">\n<figure class=\"wp-block-image size-full\"><img decoding=\"async\" src=\"https:\/\/www.muniquirihue.cl\/2025\/wp-content\/themes\/twentytwentyfive\/assets\/images\/woman-splashing-water.webp\" alt=\"Mujer en la playa, chapoteando en el agua.\" style=\"aspect-ratio:3\/4;object-fit:cover\"\/><\/figure>\n\n\n\n<p class=\"has-text-align-right has-x-large-font-size\" style=\"line-height:1.2\"><a href=\"#\">Instagram<\/a><br><a href=\"#\">LinkedIn<\/a><br><a href=\"#\">Ahora<\/a><\/p>\n<\/div>\n<\/div>\n<\/div>\n<\/div><\/div>\n","protected":false},"excerpt":{"rendered":"","protected":false},"author":1,"featured_media":0,"parent":14,"menu_order":0,"comment_status":"closed","ping_status":"closed","template":"","meta":{"_kadence_starter_templates_imported_post":false,"_kad_post_transparent":"","_kad_post_title":"","_kad_post_layout":"","_kad_post_sidebar_id":"","_kad_post_content_style":"","_kad_post_vertical_padding":"","_kad_post_feature":"","_kad_post_feature_position":"","_kad_post_header":false,"_kad_post_footer":false,"footnotes":""},"class_list":["post-21","page","type-page","status-publish","hentry"],"_links":{"self":[{"href":"https:\/\/www.muniquirihue.cl\/2025\/wp-json\/wp\/v2\/pages\/21","targetHints":{"allow":["GET"]}}],"collection":[{"href":"https:\/\/www.muniquirihue.cl\/2025\/wp-json\/wp\/v2\/pages"}],"about":[{"href":"https:\/\/www.muniquirihue.cl\/2025\/wp-json\/wp\/v2\/types\/page"}],"author":[{"embeddable":true,"href":"https:\/\/www.muniquirihue.cl\/2025\/wp-json\/wp\/v2\/users\/1"}],"replies":[{"embeddable":true,"href":"https:\/\/www.muniquirihue.cl\/2025\/wp-json\/wp\/v2\/comments?post=21"}],"version-history":[{"count":1,"href":"https:\/\/www.muniquirihue.cl\/2025\/wp-json\/wp\/v2\/pages\/21\/revisions"}],"predecessor-version":[{"id":22,"href":"https:\/\/www.muniquirihue.cl\/2025\/wp-json\/wp\/v2\/pages\/21\/revisions\/22"}],"up":[{"embeddable":true,"href":"https:\/\/www.muniquirihue.cl\/2025\/wp-json\/wp\/v2\/pages\/14"}],"wp:attachment":[{"href":"https:\/\/www.muniquirihue.cl\/2025\/wp-json\/wp\/v2\/media?parent=21"}],"curies":[{"name":"wp","href":"https:\/\/api.w.org\/{rel}","templated":true}]}}