{"id":2114,"date":"2025-06-30T16:26:43","date_gmt":"2025-06-30T20:26:43","guid":{"rendered":"https:\/\/www.muniquirihue.cl\/2025\/?page_id=2114"},"modified":"2025-07-02T13:18:42","modified_gmt":"2025-07-02T17:18:42","slug":"seguridad_publica","status":"publish","type":"page","link":"https:\/\/www.muniquirihue.cl\/2025\/municipalidad\/documentos-municipales\/seguridad_publica\/","title":{"rendered":"SEGURIDAD_PUBLICA"},"content":{"rendered":"\n<div class=\"wp-block-cover alignfull\"><img loading=\"lazy\" decoding=\"async\" width=\"1500\" height=\"844\" class=\"wp-block-cover__image-background wp-image-1315\" alt=\"\" src=\"https:\/\/www.muniquirihue.cl\/2025\/wp-content\/uploads\/2025\/01\/Frontis_Municipal.jpg\" data-object-fit=\"cover\" srcset=\"https:\/\/www.muniquirihue.cl\/2025\/wp-content\/uploads\/2025\/01\/Frontis_Municipal.jpg 1500w, https:\/\/www.muniquirihue.cl\/2025\/wp-content\/uploads\/2025\/01\/Frontis_Municipal-300x169.jpg 300w, https:\/\/www.muniquirihue.cl\/2025\/wp-content\/uploads\/2025\/01\/Frontis_Municipal-1024x576.jpg 1024w, https:\/\/www.muniquirihue.cl\/2025\/wp-content\/uploads\/2025\/01\/Frontis_Municipal-768x432.jpg 768w\" sizes=\"auto, (max-width: 1500px) 100vw, 1500px\" \/><span aria-hidden=\"true\" class=\"wp-block-cover__background has-theme-palette-1-background-color has-background-dim\"><\/span><div class=\"wp-block-cover__inner-container is-layout-constrained wp-block-cover-is-layout-constrained\">\n<p class=\"has-text-align-center has-large-font-size\"><\/p>\n<\/div><\/div>\n\n\n\n<div class=\"wp-block-cover aligncenter\" style=\"min-height:294px;aspect-ratio:unset;\"><span aria-hidden=\"true\" class=\"wp-block-cover__background has-theme-palette-7-background-color has-background-dim-100 has-background-dim\"><\/span><div class=\"wp-block-cover__inner-container is-layout-constrained wp-block-cover-is-layout-constrained\">\n<p class=\"has-text-align-center has-theme-palette-3-color has-text-color has-link-color has-large-font-size wp-elements-48cb0234a8949bbbec131b3c3b596e69\">OFICINA DE SEGURIDAD P\u00daBLICA <\/p>\n\n\n\n<p class=\"has-theme-palette-3-color has-text-color has-link-color wp-elements-6e2182ca17f19b868847a7bd12645fa8\">Esta unidad tiene como objeto entre sus funciones colaborar con el alcalde en las tareas de coordinaci\u00f3n y gesti\u00f3n en el \u00e1mbito de Seguridad P\u00fablica y Prevenci\u00f3n del Delito a nivel comunal, como tambi\u00e9n en la elaboraci\u00f3n, aprobaci\u00f3n, ejecuci\u00f3n y evaluaci\u00f3n del plan comunal de seguridad p\u00fablica, proponiendo programas, iniciativas y estrategias para su ejecuci\u00f3n. Del mismo modo, es el v\u00ednculo con el Consejo Comunal de Seguridad P\u00fablica y organismos e instituciones asociados a la seguridad Ciudadana.<\/p>\n\n\n\n<div class=\"wp-block-columns is-layout-flex wp-container-core-columns-is-layout-9d6595d7 wp-block-columns-is-layout-flex\">\n<div class=\"wp-block-column has-theme-palette-2-color has-text-color has-link-color wp-elements-a25f4d46d825e6eeb7f9b5e6ba64b818 is-layout-flow wp-block-column-is-layout-flow\" style=\"flex-basis:66.66%\">\n<p>Unidad encargada de mantener una cercan\u00eda con la comunidad y de esa manera llevar las acciones preventivas que permitan una adecuada seguridad a sus habitantes e impulsar un incentivo en la acciones preventivas de nuestra poblaci\u00f3n.<\/p>\n\n\n\n<div class=\"wp-block-columns is-layout-flex wp-container-core-columns-is-layout-9d6595d7 wp-block-columns-is-layout-flex\">\n<div class=\"wp-block-column is-layout-flow wp-block-column-is-layout-flow\" style=\"flex-basis:20px\"><\/div>\n\n\n\n<div class=\"wp-block-column is-layout-flow wp-block-column-is-layout-flow\">\n<p class=\"has-text-align-center\"><strong>VICTOR MARIO CONCHA SANCHEZ<\/strong><\/p>\n\n\n\n<p class=\"has-text-align-center\">Encargado de Seguridad P\u00fablica y GRD Comunal<\/p>\n\n\n\n<p class=\"has-text-align-center\">seguridadpublica@muniquirihue.cl<\/p>\n\n\n\n<p class=\"has-text-align-center\">+ 56 994359817<\/p>\n<\/div>\n\n\n\n<div class=\"wp-block-column is-layout-flow wp-block-column-is-layout-flow\" style=\"flex-basis:20px\"><\/div>\n<\/div>\n<\/div>\n\n\n\n<div class=\"wp-block-column is-layout-flow wp-block-column-is-layout-flow\" style=\"flex-basis:33.33%\">\n<figure class=\"wp-block-image size-full\"><img loading=\"lazy\" decoding=\"async\" width=\"454\" height=\"428\" src=\"https:\/\/www.muniquirihue.cl\/2025\/wp-content\/uploads\/2025\/06\/victorConcha.jpg\" alt=\"\" class=\"wp-image-2117\" srcset=\"https:\/\/www.muniquirihue.cl\/2025\/wp-content\/uploads\/2025\/06\/victorConcha.jpg 454w, https:\/\/www.muniquirihue.cl\/2025\/wp-content\/uploads\/2025\/06\/victorConcha-300x283.jpg 300w\" sizes=\"auto, (max-width: 454px) 100vw, 454px\" \/><\/figure>\n<\/div>\n<\/div>\n\n\n\n<p><\/p>\n<\/div><\/div>\n\n\n\n<div class=\"wp-block-columns is-layout-flex wp-container-core-columns-is-layout-9d6595d7 wp-block-columns-is-layout-flex\">\n<div class=\"wp-block-column is-layout-flow wp-block-column-is-layout-flow\">\n<p class=\"has-theme-palette-1-color has-text-color has-link-color wp-elements-0631a68d83a3dce03a0573a0c8af4db2\"><strong>PLANES DE SEGURIDAD P\u00daBLICA<\/strong><\/p>\n<\/div>\n\n\n\n<div class=\"wp-block-column is-layout-flow wp-block-column-is-layout-flow\">\n<p class=\"has-text-align-center has-theme-palette-1-color has-text-color has-link-color wp-elements-3895c41d024d9375c7c2604cb956ec51\"><strong>ACTAS DE CONCEJO DE SEGURIDAD P\u00daBLICA<\/strong><\/p>\n<\/div>\n<\/div>\n\n\n\n<div class=\"wp-block-columns is-layout-flex wp-container-core-columns-is-layout-9d6595d7 wp-block-columns-is-layout-flex\">\n<div class=\"wp-block-column is-layout-flow wp-block-column-is-layout-flow\">\n<figure class=\"wp-block-gallery has-nested-images columns-default is-cropped wp-block-gallery-1 is-layout-flex wp-block-gallery-is-layout-flex\">\n<figure class=\"wp-block-image size-large has-custom-border\" style=\"margin-top:0;margin-bottom:0\"><img loading=\"lazy\" decoding=\"async\" width=\"150\" height=\"101\" data-id=\"2122\" src=\"https:\/\/www.muniquirihue.cl\/2025\/wp-content\/uploads\/2025\/06\/planseguuidadpublica1.jpg\" alt=\"\" class=\"wp-image-2122\" style=\"border-style:none;border-width:0px\"\/><\/figure>\n<\/figure>\n<\/div>\n\n\n\n<div class=\"wp-block-column is-layout-flow wp-block-column-is-layout-flow\">\n<figure class=\"wp-block-image size-full is-resized\"><img loading=\"lazy\" decoding=\"async\" width=\"150\" height=\"101\" src=\"https:\/\/www.muniquirihue.cl\/2025\/wp-content\/uploads\/2025\/06\/planseguuidadpublica1.jpg\" alt=\"\" class=\"wp-image-2122\" style=\"width:269px;height:auto\"\/><\/figure>\n<\/div>\n\n\n\n<div class=\"wp-block-column is-vertically-aligned-top is-layout-flow wp-block-column-is-layout-flow\"><div class=\"wp-block-image\">\n<figure class=\"alignright size-full\"><a href=\"https:\/\/www.muniquirihue.cl\/2025\/actas-del-concejo-de-seguirida-publica\/\"><img loading=\"lazy\" decoding=\"async\" width=\"162\" height=\"174\" src=\"https:\/\/www.muniquirihue.cl\/2025\/wp-content\/uploads\/2025\/07\/desempeno.png\" alt=\"\" class=\"wp-image-2292\"\/><\/a><\/figure>\n<\/div><\/div>\n\n\n\n<div class=\"wp-block-column is-layout-flow wp-block-column-is-layout-flow\"><\/div>\n<\/div>\n\n\n\n<div class=\"wp-block-columns is-layout-flex wp-container-core-columns-is-layout-9d6595d7 wp-block-columns-is-layout-flex\">\n<div class=\"wp-block-column is-layout-flow wp-block-column-is-layout-flow\">\n<p class=\"has-text-align-center\">PLAN COMUNAL SEGURIDAD PUBLICA QHUE. A\u00d1O 2018-2022<\/p>\n<\/div>\n\n\n\n<div class=\"wp-block-column is-layout-flow wp-block-column-is-layout-flow\">\n<p class=\"has-text-align-center\">PLAN COMUNAL SEGURIDAD PUBLICA QHUE. A\u00d1O 2023-2027<\/p>\n<\/div>\n\n\n\n<div class=\"wp-block-column is-layout-flow wp-block-column-is-layout-flow\"><\/div>\n\n\n\n<div class=\"wp-block-column is-layout-flow wp-block-column-is-layout-flow\"><\/div>\n<\/div>\n\n\n\n<p><\/p>\n","protected":false},"excerpt":{"rendered":"<p>PLANES DE SEGURIDAD P\u00daBLICA ACTAS DE CONCEJO DE SEGURIDAD P\u00daBLICA PLAN COMUNAL SEGURIDAD PUBLICA QHUE. A\u00d1O 2018-2022 PLAN COMUNAL SEGURIDAD PUBLICA QHUE. A\u00d1O 2023-2027<\/p>\n","protected":false},"author":1,"featured_media":0,"parent":91,"menu_order":0,"comment_status":"closed","ping_status":"closed","template":"","meta":{"_kadence_starter_templates_imported_post":false,"_kad_post_transparent":"","_kad_post_title":"hide","_kad_post_layout":"","_kad_post_sidebar_id":"","_kad_post_content_style":"","_kad_post_vertical_padding":"","_kad_post_feature":"","_kad_post_feature_position":"","_kad_post_header":false,"_kad_post_footer":false,"footnotes":""},"class_list":["post-2114","page","type-page","status-publish","hentry"],"_links":{"self":[{"href":"https:\/\/www.muniquirihue.cl\/2025\/wp-json\/wp\/v2\/pages\/2114","targetHints":{"allow":["GET"]}}],"collection":[{"href":"https:\/\/www.muniquirihue.cl\/2025\/wp-json\/wp\/v2\/pages"}],"about":[{"href":"https:\/\/www.muniquirihue.cl\/2025\/wp-json\/wp\/v2\/types\/page"}],"author":[{"embeddable":true,"href":"https:\/\/www.muniquirihue.cl\/2025\/wp-json\/wp\/v2\/users\/1"}],"replies":[{"embeddable":true,"href":"https:\/\/www.muniquirihue.cl\/2025\/wp-json\/wp\/v2\/comments?post=2114"}],"version-history":[{"count":7,"href":"https:\/\/www.muniquirihue.cl\/2025\/wp-json\/wp\/v2\/pages\/2114\/revisions"}],"predecessor-version":[{"id":2298,"href":"https:\/\/www.muniquirihue.cl\/2025\/wp-json\/wp\/v2\/pages\/2114\/revisions\/2298"}],"up":[{"embeddable":true,"href":"https:\/\/www.muniquirihue.cl\/2025\/wp-json\/wp\/v2\/pages\/91"}],"wp:attachment":[{"href":"https:\/\/www.muniquirihue.cl\/2025\/wp-json\/wp\/v2\/media?parent=2114"}],"curies":[{"name":"wp","href":"https:\/\/api.w.org\/{rel}","templated":true}]}}