{"id":2909,"date":"2026-03-26T14:05:27","date_gmt":"2026-03-26T18:05:27","guid":{"rendered":"https:\/\/www.muniquirihue.cl\/2025\/?page_id=2909"},"modified":"2026-04-06T10:56:19","modified_gmt":"2026-04-06T14:56:19","slug":"actas-2026","status":"publish","type":"page","link":"https:\/\/www.muniquirihue.cl\/2025\/actas-2026\/","title":{"rendered":"Actas 2026"},"content":{"rendered":"\n<div class=\"wp-block-cover alignfull has-custom-content-position is-position-top-center\" style=\"min-height:415px;aspect-ratio:unset;\"><img loading=\"lazy\" decoding=\"async\" width=\"1399\" height=\"923\" class=\"wp-block-cover__image-background wp-image-992\" alt=\"\" src=\"https:\/\/www.muniquirihue.cl\/2025\/wp-content\/uploads\/2025\/01\/230_1_concejomunicipal.png\" data-object-fit=\"cover\" srcset=\"https:\/\/www.muniquirihue.cl\/2025\/wp-content\/uploads\/2025\/01\/230_1_concejomunicipal.png 1399w, https:\/\/www.muniquirihue.cl\/2025\/wp-content\/uploads\/2025\/01\/230_1_concejomunicipal-300x198.png 300w, https:\/\/www.muniquirihue.cl\/2025\/wp-content\/uploads\/2025\/01\/230_1_concejomunicipal-1024x676.png 1024w, https:\/\/www.muniquirihue.cl\/2025\/wp-content\/uploads\/2025\/01\/230_1_concejomunicipal-768x507.png 768w\" sizes=\"auto, (max-width: 1399px) 100vw, 1399px\" \/><span aria-hidden=\"true\" class=\"wp-block-cover__background has-background-dim-40 has-background-dim wp-block-cover__gradient-background has-background-gradient\" style=\"background:linear-gradient(135deg,rgb(255,105,0) 0%,rgb(225,154,1) 100%)\"><\/span><div class=\"wp-block-cover__inner-container is-layout-constrained wp-block-cover-is-layout-constrained\">\n<p class=\"has-text-align-center has-large-font-size\"><\/p>\n<\/div><\/div>\n\n\n\n<h2 class=\"wp-block-heading\">\u00c1ctas deL Concejo Municipal <\/h2>\n\n\n\n<h3 class=\"wp-block-heading\">Buscar \u00c1ctas por a\u00f1o.<\/h3>\n\n\n\n<p>Las actas de sesi\u00f3n del Honorable Concejo Municipal de Quirihue son documentos oficiales, cuyo objetivo principal es registrar en forma de relato el desarrollo de lo discutido en las reuniones de concejo municipal por parte de sus miembros.<\/p>\n\n\n\n<hr class=\"wp-block-separator has-alpha-channel-opacity is-style-wide\"\/>\n\n\n\n<div class=\"wp-block-columns is-layout-flex wp-container-core-columns-is-layout-9d6595d7 wp-block-columns-is-layout-flex\">\n<div class=\"wp-block-column is-layout-flow wp-block-column-is-layout-flow\"><\/div>\n\n\n\n<div class=\"wp-block-column is-layout-flow wp-block-column-is-layout-flow\">\n<div class=\"wp-block-buttons is-layout-flex wp-block-buttons-is-layout-flex\">\n<div class=\"wp-block-button\"><a class=\"wp-block-button__link wp-element-button\" href=\"https:\/\/www.muniquirihue.cl\/2025\/actas-2026\/\">2026<\/a><\/div>\n<\/div>\n<\/div>\n\n\n\n<div class=\"wp-block-column is-layout-flow wp-block-column-is-layout-flow\">\n<div class=\"wp-block-buttons is-layout-flex wp-block-buttons-is-layout-flex\">\n<div class=\"wp-block-button\"><a class=\"wp-block-button__link wp-element-button\" href=\"https:\/\/www.muniquirihue.cl\/2025\/actas-2025\/\">2025<\/a><\/div>\n<\/div>\n<\/div>\n\n\n\n<div class=\"wp-block-column is-layout-flow wp-block-column-is-layout-flow\">\n<div class=\"wp-block-buttons is-layout-flex wp-block-buttons-is-layout-flex\">\n<div class=\"wp-block-button\"><a class=\"wp-block-button__link wp-element-button\" href=\"https:\/\/www.muniquirihue.cl\/2025\/actas-2024\/\">2024<\/a><\/div>\n<\/div>\n<\/div>\n\n\n\n<div class=\"wp-block-column is-layout-flow wp-block-column-is-layout-flow\">\n<div class=\"wp-block-buttons is-layout-flex wp-block-buttons-is-layout-flex\">\n<div class=\"wp-block-button\"><a class=\"wp-block-button__link wp-element-button\" href=\"https:\/\/www.muniquirihue.cl\/2025\/actas-2023\/\">2023<\/a><\/div>\n<\/div>\n<\/div>\n\n\n\n<div class=\"wp-block-column is-layout-flow wp-block-column-is-layout-flow\">\n<div class=\"wp-block-buttons is-layout-flex wp-block-buttons-is-layout-flex\">\n<div class=\"wp-block-button\"><a class=\"wp-block-button__link wp-element-button\" href=\"https:\/\/www.muniquirihue.cl\/2025\/actas-2022\/\">2022<\/a><\/div>\n<\/div>\n<\/div>\n\n\n\n<div class=\"wp-block-column is-layout-flow wp-block-column-is-layout-flow\"><\/div>\n<\/div>\n\n\n\n<div class=\"wp-block-columns is-layout-flex wp-container-core-columns-is-layout-9d6595d7 wp-block-columns-is-layout-flex\">\n<div class=\"wp-block-column is-layout-flow wp-block-column-is-layout-flow\"><\/div>\n\n\n\n<div class=\"wp-block-column is-layout-flow wp-block-column-is-layout-flow\">\n<div class=\"wp-block-buttons is-layout-flex wp-block-buttons-is-layout-flex\">\n<div class=\"wp-block-button\"><a class=\"wp-block-button__link wp-element-button\" href=\"https:\/\/www.muniquirihue.cl\/2025\/actas-2021\/\">2021<\/a><\/div>\n<\/div>\n<\/div>\n\n\n\n<div class=\"wp-block-column is-layout-flow wp-block-column-is-layout-flow\">\n<div class=\"wp-block-buttons is-layout-flex wp-block-buttons-is-layout-flex\">\n<div class=\"wp-block-button\"><a class=\"wp-block-button__link wp-element-button\" href=\"https:\/\/www.muniquirihue.cl\/2025\/actas-2020\/\">2020<\/a><\/div>\n<\/div>\n<\/div>\n\n\n\n<div class=\"wp-block-column is-layout-flow wp-block-column-is-layout-flow\">\n<div class=\"wp-block-buttons is-layout-flex wp-block-buttons-is-layout-flex\">\n<div class=\"wp-block-button\"><a class=\"wp-block-button__link wp-element-button\" href=\"https:\/\/www.muniquirihue.cl\/2025\/actas-actas-2019\/\">2019<\/a><\/div>\n<\/div>\n<\/div>\n\n\n\n<div class=\"wp-block-column is-layout-flow wp-block-column-is-layout-flow\">\n<div class=\"wp-block-buttons is-layout-flex wp-block-buttons-is-layout-flex\">\n<div class=\"wp-block-button\"><a class=\"wp-block-button__link wp-element-button\" href=\"https:\/\/www.muniquirihue.cl\/2025\/actas-2018\/\">2018<\/a><\/div>\n<\/div>\n<\/div>\n\n\n\n<div class=\"wp-block-column is-layout-flow wp-block-column-is-layout-flow\">\n<div class=\"wp-block-buttons is-layout-flex wp-block-buttons-is-layout-flex\">\n<div class=\"wp-block-button\"><a class=\"wp-block-button__link wp-element-button\" href=\"https:\/\/www.muniquirihue.cl\/2025\/actas-2017\/\">2017<\/a><\/div>\n<\/div>\n<\/div>\n\n\n\n<div class=\"wp-block-column is-layout-flow wp-block-column-is-layout-flow\"><\/div>\n<\/div>\n\n\n\n<h3 class=\"wp-block-heading\">Actas del a\u00f1o 2026<\/h3>\n\n\n\n<figure class=\"wp-block-table\"><table><thead><tr><th>MES<\/th><th>Acta<\/th><th>Acta<\/th><th>Acta<\/th><th>Acta<\/th><th class=\"has-text-align-center\" data-align=\"center\">Acta<\/th><th class=\"has-text-align-center\" data-align=\"center\">Acta<\/th><\/tr><\/thead><tbody><tr><td>Enero<\/td><td><a href=\"https:\/\/www.muniquirihue.cl\/trans_activa\/tranpa\/actas\/2026\/sesion_06-01-2026_001843.pdf\" target=\"_blank\" rel=\"noreferrer noopener\"><br>Ses.Ord. 06.01.2026<\/a><\/td><td><a href=\"https:\/\/www.muniquirihue.cl\/trans_activa\/tranpa\/actas\/2025\/febrero\/07_02_2025.pdf\" target=\"_blank\" rel=\"noreferrer noopener\"><br><\/a><a href=\"https:\/\/www.muniquirihue.cl\/trans_activa\/tranpa\/actas\/2026\/sesion_09-01-2026_001842.pdf\" target=\"_blank\" rel=\"noreferrer noopener\">Ses.Ord. 09.01.2026<\/a><\/td><td><a href=\"https:\/\/www.muniquirihue.cl\/trans_activa\/tranpa\/actas\/2025\/febrero\/07_02_2025.pdf\" target=\"_blank\" rel=\"noreferrer noopener\"><br><\/a><a href=\"https:\/\/www.muniquirihue.cl\/trans_activa\/tranpa\/actas\/2026\/sesion_16-01-2026_001841.pdf\" target=\"_blank\" rel=\"noreferrer noopener\">Ses.<\/a><a href=\"https:\/\/www.muniquirihue.cl\/trans_activa\/tranpa\/actas\/2026\/sesion_09-01-2026_001842.pdf\" target=\"_blank\" rel=\"noreferrer noopener\">Ord<\/a>. 16.01.2026<\/td><td><a href=\"https:\/\/www.muniquirihue.cl\/trans_activa\/tranpa\/actas\/2026\/sesion_21-01-2026_001840.pdf\" target=\"_blank\" rel=\"noreferrer noopener\"><br>Ses.<\/a><a href=\"https:\/\/www.muniquirihue.cl\/trans_activa\/tranpa\/actas\/2026\/sesion_09-01-2026_001842.pdf\" target=\"_blank\" rel=\"noreferrer noopener\">Ord<\/a>. 21.01.2026<\/td><td class=\"has-text-align-center\" data-align=\"center\"><a href=\"https:\/\/www.muniquirihue.cl\/trans_activa\/tranpa\/actas\/2025\/febrero\/07_02_2025.pdf\" target=\"_blank\" rel=\"noreferrer noopener\"><br><\/a><a href=\"https:\/\/www.muniquirihue.cl\/trans_activa\/tranpa\/actas\/2026\/sesion_30-01-2026_001839.pdf\" target=\"_blank\" rel=\"noreferrer noopener\">Ses.<\/a><a href=\"https:\/\/www.muniquirihue.cl\/trans_activa\/tranpa\/actas\/2026\/sesion_09-01-2026_001842.pdf\" target=\"_blank\" rel=\"noreferrer noopener\">Ord<\/a>. 30.01.2026<\/td><td class=\"has-text-align-center\" data-align=\"center\"><\/td><\/tr><tr><td>Febrero<\/td><td><a href=\"https:\/\/drive.google.com\/file\/d\/17SzH7Uw23yKLL-j0zKcQl_54ZpzFWxxP\/view?usp=sharing\" data-type=\"link\" data-id=\"https:\/\/drive.google.com\/drive\/u\/2\/folders\/1tfDnA39qQu7TshDu2cTRniXc1VzhrYZ4\" target=\"_blank\" rel=\"noreferrer noopener\">Ses.Ord. 16.02.2026<\/a><\/td><td><a href=\"https:\/\/drive.google.com\/file\/d\/17z0JIzPqeuQx3X1SgUSid1YQTa2eiiBy\/view?usp=sharing\" target=\"_blank\" rel=\"noreferrer noopener\">Ses.Ord. 20.02.2026<\/a><\/td><td><\/td><td><\/td><td class=\"has-text-align-center\" data-align=\"center\"><\/td><td class=\"has-text-align-center\" data-align=\"center\"><\/td><\/tr><tr><td>Marzo<\/td><td><a href=\"https:\/\/drive.google.com\/file\/d\/1N-0hjCBLi236TIBCQ89x0nQG6uLq-gdF\/view?usp=sharing\" target=\"_blank\" rel=\"noreferrer noopener\">Ses.Ord. 13.03.2026<\/a><\/td><td><a href=\"https:\/\/drive.google.com\/file\/d\/13udOFCsn4DIZt6HeXzkNYi4gMIygIklM\/view?usp=sharing\" target=\"_blank\" rel=\"noreferrer noopener\">Ses.Ord. 20.03.2026<\/a><\/td><td><\/td><td><\/td><td class=\"has-text-align-center\" data-align=\"center\"><\/td><td class=\"has-text-align-center\" data-align=\"center\"><\/td><\/tr><tr><td>Abril<\/td><td><\/td><td><\/td><td><\/td><td><\/td><td class=\"has-text-align-center\" data-align=\"center\"><\/td><td class=\"has-text-align-center\" data-align=\"center\"><\/td><\/tr><tr><td>Mayo<\/td><td><\/td><td><\/td><td><\/td><td><\/td><td class=\"has-text-align-center\" data-align=\"center\"><\/td><td class=\"has-text-align-center\" data-align=\"center\"><\/td><\/tr><tr><td>Junio<\/td><td><\/td><td><\/td><td><\/td><td><\/td><td class=\"has-text-align-center\" data-align=\"center\"><\/td><td class=\"has-text-align-center\" data-align=\"center\"><\/td><\/tr><tr><td>Julio<\/td><td><\/td><td><\/td><td><\/td><td><\/td><td class=\"has-text-align-center\" data-align=\"center\"><\/td><td class=\"has-text-align-center\" data-align=\"center\"><\/td><\/tr><tr><td>Agosto<\/td><td><\/td><td><\/td><td><\/td><td><\/td><td class=\"has-text-align-center\" data-align=\"center\"><\/td><td class=\"has-text-align-center\" data-align=\"center\"><\/td><\/tr><tr><td>Septiembre<\/td><td><\/td><td><\/td><td><\/td><td><\/td><td class=\"has-text-align-center\" data-align=\"center\"><\/td><td class=\"has-text-align-center\" data-align=\"center\"><\/td><\/tr><tr><td>Octubre<\/td><td><\/td><td><\/td><td><\/td><td><\/td><td class=\"has-text-align-center\" data-align=\"center\"><\/td><td class=\"has-text-align-center\" data-align=\"center\"><\/td><\/tr><tr><td>Noviembre<\/td><td><\/td><td><\/td><td><\/td><td><\/td><td class=\"has-text-align-center\" data-align=\"center\"><\/td><td class=\"has-text-align-center\" data-align=\"center\"><\/td><\/tr><tr><td>Diciembre<\/td><td><\/td><td><\/td><td><\/td><td><\/td><td class=\"has-text-align-center\" data-align=\"center\"><\/td><td class=\"has-text-align-center\" data-align=\"center\"><\/td><\/tr><\/tbody><\/table><\/figure>\n\n\n\n<p><\/p>\n","protected":false},"excerpt":{"rendered":"<p>\u00c1ctas deL Concejo Municipal Buscar \u00c1ctas por a\u00f1o. Las actas de sesi\u00f3n del Honorable Concejo Municipal de Quirihue son documentos oficiales, cuyo objetivo principal es registrar en forma de relato el desarrollo de lo discutido en las reuniones de concejo municipal por parte de sus miembros. Actas del a\u00f1o 2026 MES Acta Acta Acta Acta&#8230;<\/p>\n","protected":false},"author":1,"featured_media":0,"parent":0,"menu_order":0,"comment_status":"closed","ping_status":"closed","template":"","meta":{"_kadence_starter_templates_imported_post":false,"_kad_post_transparent":"default","_kad_post_title":"hide","_kad_post_layout":"normal","_kad_post_sidebar_id":"","_kad_post_content_style":"default","_kad_post_vertical_padding":"default","_kad_post_feature":"","_kad_post_feature_position":"","_kad_post_header":false,"_kad_post_footer":false,"footnotes":""},"class_list":["post-2909","page","type-page","status-publish","hentry"],"_links":{"self":[{"href":"https:\/\/www.muniquirihue.cl\/2025\/wp-json\/wp\/v2\/pages\/2909","targetHints":{"allow":["GET"]}}],"collection":[{"href":"https:\/\/www.muniquirihue.cl\/2025\/wp-json\/wp\/v2\/pages"}],"about":[{"href":"https:\/\/www.muniquirihue.cl\/2025\/wp-json\/wp\/v2\/types\/page"}],"author":[{"embeddable":true,"href":"https:\/\/www.muniquirihue.cl\/2025\/wp-json\/wp\/v2\/users\/1"}],"replies":[{"embeddable":true,"href":"https:\/\/www.muniquirihue.cl\/2025\/wp-json\/wp\/v2\/comments?post=2909"}],"version-history":[{"count":7,"href":"https:\/\/www.muniquirihue.cl\/2025\/wp-json\/wp\/v2\/pages\/2909\/revisions"}],"predecessor-version":[{"id":2936,"href":"https:\/\/www.muniquirihue.cl\/2025\/wp-json\/wp\/v2\/pages\/2909\/revisions\/2936"}],"wp:attachment":[{"href":"https:\/\/www.muniquirihue.cl\/2025\/wp-json\/wp\/v2\/media?parent=2909"}],"curies":[{"name":"wp","href":"https:\/\/api.w.org\/{rel}","templated":true}]}}