{"id":87,"date":"2025-01-04T15:51:20","date_gmt":"2025-01-04T19:51:20","guid":{"rendered":"https:\/\/www.muniquirihue.cl\/2025\/?page_id=87"},"modified":"2025-03-05T10:04:04","modified_gmt":"2025-03-05T14:04:04","slug":"directorio-telefonico","status":"publish","type":"page","link":"https:\/\/www.muniquirihue.cl\/2025\/municipalidad\/autoridades\/directorio-telefonico\/","title":{"rendered":"Directorio Telef\u00f3nico"},"content":{"rendered":"\n<div class=\"wp-block-cover alignfull\"><span aria-hidden=\"true\" class=\"wp-block-cover__background has-theme-palette-1-background-color has-background-dim\"><\/span><img loading=\"lazy\" decoding=\"async\" width=\"1500\" height=\"844\" class=\"wp-block-cover__image-background wp-image-1315\" alt=\"\" src=\"https:\/\/www.muniquirihue.cl\/2025\/wp-content\/uploads\/2025\/01\/Frontis_Municipal.jpg\" style=\"object-position:49% 40%\" data-object-fit=\"cover\" data-object-position=\"49% 40%\" srcset=\"https:\/\/www.muniquirihue.cl\/2025\/wp-content\/uploads\/2025\/01\/Frontis_Municipal.jpg 1500w, https:\/\/www.muniquirihue.cl\/2025\/wp-content\/uploads\/2025\/01\/Frontis_Municipal-300x169.jpg 300w, https:\/\/www.muniquirihue.cl\/2025\/wp-content\/uploads\/2025\/01\/Frontis_Municipal-1024x576.jpg 1024w, https:\/\/www.muniquirihue.cl\/2025\/wp-content\/uploads\/2025\/01\/Frontis_Municipal-768x432.jpg 768w\" sizes=\"auto, (max-width: 1500px) 100vw, 1500px\" \/><div class=\"wp-block-cover__inner-container is-layout-constrained wp-block-cover-is-layout-constrained\"><div class=\"wp-block-image wp-duotone-unset-1\">\n<figure class=\"alignleft size-full is-resized\"><img loading=\"lazy\" decoding=\"async\" width=\"800\" height=\"557\" src=\"https:\/\/www.muniquirihue.cl\/2025\/wp-content\/uploads\/2025\/01\/Brand_quirihue_Mesa-de-trabajo-1-copia-16-1.png\" alt=\"\" class=\"wp-image-1327\" style=\"width:350px\" srcset=\"https:\/\/www.muniquirihue.cl\/2025\/wp-content\/uploads\/2025\/01\/Brand_quirihue_Mesa-de-trabajo-1-copia-16-1.png 800w, https:\/\/www.muniquirihue.cl\/2025\/wp-content\/uploads\/2025\/01\/Brand_quirihue_Mesa-de-trabajo-1-copia-16-1-300x209.png 300w, https:\/\/www.muniquirihue.cl\/2025\/wp-content\/uploads\/2025\/01\/Brand_quirihue_Mesa-de-trabajo-1-copia-16-1-768x535.png 768w\" sizes=\"auto, (max-width: 800px) 100vw, 800px\" \/><\/figure>\n<\/div><\/div><\/div>\n\n\n\n<div class=\"wp-block-cover alignfull\" style=\"min-height:105px;aspect-ratio:unset;\"><span aria-hidden=\"true\" class=\"wp-block-cover__background has-theme-palette-2-background-color has-background-dim-100 has-background-dim\"><\/span><div class=\"wp-block-cover__inner-container is-layout-constrained wp-block-cover-is-layout-constrained\">\n<p class=\"has-text-align-left has-larger-font-size\">Directorio Telef\u00f3nico<\/p>\n<\/div><\/div>\n\n\n\n<div class=\"wp-block-columns is-layout-flex wp-container-core-columns-is-layout-9d6595d7 wp-block-columns-is-layout-flex\">\n<div class=\"wp-block-column is-layout-flow wp-block-column-is-layout-flow\" style=\"flex-basis:80%\">\n<figure class=\"wp-block-table is-style-stripes\"><table class=\"has-fixed-layout\" style=\"border-width:1px\"><thead><tr><th class=\"has-text-align-left\" data-align=\"left\">Unidades Municipales<\/th><th class=\"has-text-align-left\" data-align=\"left\">N\u00fameros de Tel\u00e9fono<\/th><\/tr><\/thead><tbody><tr><td class=\"has-text-align-left\" data-align=\"left\"><strong>Alcald\u00eda<\/strong><\/td><td class=\"has-text-align-left\" data-align=\"left\"><strong>422257802<\/strong><\/td><\/tr><tr><td class=\"has-text-align-left\" data-align=\"left\">Of. Secretaria Municipal<\/td><td class=\"has-text-align-left\" data-align=\"left\">422257809<\/td><\/tr><tr><td class=\"has-text-align-left\" data-align=\"left\">Direcci\u00f3n de Obras Municipales<\/td><td class=\"has-text-align-left\" data-align=\"left\">422257805<\/td><\/tr><tr><td class=\"has-text-align-left\" data-align=\"left\"><strong>Oficina de Parte<\/strong><\/td><td class=\"has-text-align-left\" data-align=\"left\"><strong>422257810<\/strong><\/td><\/tr><tr><td class=\"has-text-align-left\" data-align=\"left\">Of.  Registro Social de Hogares<\/td><td class=\"has-text-align-left\" data-align=\"left\">422257811<\/td><\/tr><tr><td class=\"has-text-align-left\" data-align=\"left\">Of. Seguridad P\u00fablica<\/td><td class=\"has-text-align-left\" data-align=\"left\">422257825<\/td><\/tr><tr><td class=\"has-text-align-left\" data-align=\"left\">Of Inspectora Municipal <\/td><td class=\"has-text-align-left\" data-align=\"left\">422257825<\/td><\/tr><tr><td class=\"has-text-align-left\" data-align=\"left\">Of. Organizaciones Sociales<\/td><td class=\"has-text-align-left\" data-align=\"left\">422257814<\/td><\/tr><tr><td class=\"has-text-align-left\" data-align=\"left\">Of. Programa Familia (ssyoo)<\/td><td class=\"has-text-align-left\" data-align=\"left\">422257815<\/td><\/tr><tr><td class=\"has-text-align-left\" data-align=\"left\">Oficina de Inform\u00e1tica<\/td><td class=\"has-text-align-left\" data-align=\"left\">+569 93397323<\/td><\/tr><tr><td class=\"has-text-align-left\" data-align=\"left\">Direcci\u00f3n de RRHH<\/td><td class=\"has-text-align-left\" data-align=\"left\">422257807<\/td><\/tr><tr><td class=\"has-text-align-left\" data-align=\"left\">Direcci\u00f3n de Finanzas<\/td><td class=\"has-text-align-left\" data-align=\"left\">422257803<\/td><\/tr><tr><td class=\"has-text-align-left\" data-align=\"left\">Oficina de Cultura y Turismo<\/td><td class=\"has-text-align-left\" data-align=\"left\">422257826<\/td><\/tr><tr><td class=\"has-text-align-left\" data-align=\"left\">Of. Tr\u00e1nsito  PERMISO DE CIRCULACION<\/td><td class=\"has-text-align-left\" data-align=\"left\">422257822<\/td><\/tr><tr><td class=\"has-text-align-left\" data-align=\"left\">Of. Tr\u00e1nsito LICENCIA DE CONDUCIR<\/td><td class=\"has-text-align-left\" data-align=\"left\">422257821<\/td><\/tr><tr><td class=\"has-text-align-left\" data-align=\"left\">Juzgado de Polic\u00eda Local<\/td><td class=\"has-text-align-left\" data-align=\"left\">+56443570446<\/td><\/tr><tr><td class=\"has-text-align-left\" data-align=\"left\">Direcci\u00f3n de Desarrollo Comunitario (DIDECO)<\/td><td class=\"has-text-align-left\" data-align=\"left\">422257812<\/td><\/tr><tr><td class=\"has-text-align-left\" data-align=\"left\">Departamento de Empleo (OMIL)<\/td><td class=\"has-text-align-left\" data-align=\"left\">422257817<\/td><\/tr><tr><td class=\"has-text-align-left\" data-align=\"left\">Mercado Municipal <\/td><td class=\"has-text-align-left\" data-align=\"left\">422257827<\/td><\/tr><tr><td class=\"has-text-align-left\" data-align=\"left\">Director Mercado Municipal <\/td><td class=\"has-text-align-left\" data-align=\"left\">422257828<\/td><\/tr><tr><td class=\"has-text-align-left\" data-align=\"left\">Direcci\u00f3n de Control<\/td><td class=\"has-text-align-left\" data-align=\"left\">422257808<\/td><\/tr><tr><td class=\"has-text-align-left\" data-align=\"left\">Oficina de SENDA<\/td><td class=\"has-text-align-left\" data-align=\"left\">422257820<\/td><\/tr><tr><td class=\"has-text-align-left\" data-align=\"left\">Oficina de Secplan<\/td><td class=\"has-text-align-left\" data-align=\"left\">422257816<\/td><\/tr><tr><td class=\"has-text-align-left\" data-align=\"left\">Oficina de la Discapacidad<\/td><td class=\"has-text-align-left\" data-align=\"left\">422257823<\/td><\/tr><tr><td class=\"has-text-align-left\" data-align=\"left\">Of. PROG. CUIDADORAS<\/td><td class=\"has-text-align-left\" data-align=\"left\">422257829<\/td><\/tr><tr><td class=\"has-text-align-left\" data-align=\"left\">Of. Tesorer\u00eda<\/td><td class=\"has-text-align-left\" data-align=\"left\">422257804<\/td><\/tr><tr><td class=\"has-text-align-left\" data-align=\"left\">Of.  OMIL<\/td><td class=\"has-text-align-left\" data-align=\"left\">422257817<\/td><\/tr><tr><td class=\"has-text-align-left\" data-align=\"left\">Of. Prodesal<\/td><td class=\"has-text-align-left\" data-align=\"left\">422257818<\/td><\/tr><tr><td class=\"has-text-align-left\" data-align=\"left\">Of. EGIS MUNCIPAL <\/td><td class=\"has-text-align-left\" data-align=\"left\">422257819<\/td><\/tr><tr><td class=\"has-text-align-left\" data-align=\"left\">Of. de la Vivienda <\/td><td class=\"has-text-align-left\" data-align=\"left\">422257819<\/td><\/tr><tr><td class=\"has-text-align-left\" data-align=\"left\">Of. de DEPORTE<\/td><td class=\"has-text-align-left\" data-align=\"left\">422257824<\/td><\/tr><\/tbody><\/table><\/figure>\n<\/div>\n\n\n\n<div class=\"wp-block-column is-layout-flow wp-block-column-is-layout-flow\"><\/div>\n<\/div>\n\n\n\n<p><\/p>\n","protected":false},"excerpt":{"rendered":"<p>Unidades Municipales N\u00fameros de Tel\u00e9fono Alcald\u00eda 422257802 Of. Secretaria Municipal 422257809 Direcci\u00f3n de Obras Municipales 422257805 Oficina de Parte 422257810 Of. Registro Social de Hogares 422257811 Of. Seguridad P\u00fablica 422257825 Of Inspectora Municipal 422257825 Of. Organizaciones Sociales 422257814 Of. Programa Familia (ssyoo) 422257815 Oficina de Inform\u00e1tica +569 93397323 Direcci\u00f3n de RRHH 422257807 Direcci\u00f3n de Finanzas&#8230;<\/p>\n","protected":false},"author":1,"featured_media":0,"parent":79,"menu_order":0,"comment_status":"closed","ping_status":"closed","template":"","meta":{"_kadence_starter_templates_imported_post":false,"_kad_post_transparent":"","_kad_post_title":"hide","_kad_post_layout":"normal","_kad_post_sidebar_id":"","_kad_post_content_style":"","_kad_post_vertical_padding":"","_kad_post_feature":"","_kad_post_feature_position":"","_kad_post_header":false,"_kad_post_footer":false,"footnotes":""},"class_list":["post-87","page","type-page","status-publish","hentry"],"_links":{"self":[{"href":"https:\/\/www.muniquirihue.cl\/2025\/wp-json\/wp\/v2\/pages\/87","targetHints":{"allow":["GET"]}}],"collection":[{"href":"https:\/\/www.muniquirihue.cl\/2025\/wp-json\/wp\/v2\/pages"}],"about":[{"href":"https:\/\/www.muniquirihue.cl\/2025\/wp-json\/wp\/v2\/types\/page"}],"author":[{"embeddable":true,"href":"https:\/\/www.muniquirihue.cl\/2025\/wp-json\/wp\/v2\/users\/1"}],"replies":[{"embeddable":true,"href":"https:\/\/www.muniquirihue.cl\/2025\/wp-json\/wp\/v2\/comments?post=87"}],"version-history":[{"count":18,"href":"https:\/\/www.muniquirihue.cl\/2025\/wp-json\/wp\/v2\/pages\/87\/revisions"}],"predecessor-version":[{"id":1909,"href":"https:\/\/www.muniquirihue.cl\/2025\/wp-json\/wp\/v2\/pages\/87\/revisions\/1909"}],"up":[{"embeddable":true,"href":"https:\/\/www.muniquirihue.cl\/2025\/wp-json\/wp\/v2\/pages\/79"}],"wp:attachment":[{"href":"https:\/\/www.muniquirihue.cl\/2025\/wp-json\/wp\/v2\/media?parent=87"}],"curies":[{"name":"wp","href":"https:\/\/api.w.org\/{rel}","templated":true}]}}